{"id":9,"date":"2016-06-04T15:48:04","date_gmt":"2016-06-04T18:48:04","guid":{"rendered":"https:\/\/observaindigena.unb.br\/?page_id=9"},"modified":"2016-06-04T16:14:10","modified_gmt":"2016-06-04T19:14:10","slug":"apresentacao","status":"publish","type":"page","link":"https:\/\/observaindigena.unb.br\/?page_id=9","title":{"rendered":"APRESENTA\u00c7\u00c3O"},"content":{"rendered":"<p style=\"text-align: justify;\">O projeto de cria\u00e7\u00e3o do Observat\u00f3rio de Sa\u00fade Ind\u00edgena surge como resultado do amadurecimento de uma antiga proposta, surgida a partir do acompanhamento da situa\u00e7\u00e3o de sa\u00fade dos povos ind\u00edgenas por pesquisadores e institui\u00e7\u00f5es que atuam na \u00e1rea. Torna-se agora um projeto, apresentado pelo N\u00facleo de Estudos em Sa\u00fade P\u00fablica da Universidade de Bras\u00edlia \u2013 NESP\/UnB. O Observat\u00f3rio ter\u00e1 como foco o Subsistema de Aten\u00e7\u00e3o \u00e0 Sa\u00fade Ind\u00edgena, visando gerar conhecimentos, maximizar as janelas de informa\u00e7\u00e3o e comunica\u00e7\u00e3o inerente aos povos ind\u00edgenas, qualificar a gest\u00e3o e fortalecer o controle social, apoiado pela Secretaria Especial de Sa\u00fade Ind\u00edgena \u2013 SESAI\/MS.<\/p>\n","protected":false},"excerpt":{"rendered":"<p>O projeto de cria\u00e7\u00e3o do Observat\u00f3rio de Sa\u00fade Ind\u00edgena surge como resultado do amadurecimento de uma antiga proposta, surgida a partir do acompanhamento da situa\u00e7\u00e3o de sa\u00fade dos povos ind\u00edgenas por pesquisadores e institui\u00e7\u00f5es que atuam na \u00e1rea. Torna-se agora&#8230;<\/p>\n","protected":false},"author":1,"featured_media":0,"parent":7,"menu_order":0,"comment_status":"closed","ping_status":"closed","template":"templates\/fullwidth.php","meta":[],"_links":{"self":[{"href":"https:\/\/observaindigena.unb.br\/index.php?rest_route=\/wp\/v2\/pages\/9"}],"collection":[{"href":"https:\/\/observaindigena.unb.br\/index.php?rest_route=\/wp\/v2\/pages"}],"about":[{"href":"https:\/\/observaindigena.unb.br\/index.php?rest_route=\/wp\/v2\/types\/page"}],"author":[{"embeddable":true,"href":"https:\/\/observaindigena.unb.br\/index.php?rest_route=\/wp\/v2\/users\/1"}],"replies":[{"embeddable":true,"href":"https:\/\/observaindigena.unb.br\/index.php?rest_route=%2Fwp%2Fv2%2Fcomments&post=9"}],"version-history":[{"count":2,"href":"https:\/\/observaindigena.unb.br\/index.php?rest_route=\/wp\/v2\/pages\/9\/revisions"}],"predecessor-version":[{"id":77,"href":"https:\/\/observaindigena.unb.br\/index.php?rest_route=\/wp\/v2\/pages\/9\/revisions\/77"}],"up":[{"embeddable":true,"href":"https:\/\/observaindigena.unb.br\/index.php?rest_route=\/wp\/v2\/pages\/7"}],"wp:attachment":[{"href":"https:\/\/observaindigena.unb.br\/index.php?rest_route=%2Fwp%2Fv2%2Fmedia&parent=9"}],"curies":[{"name":"wp","href":"https:\/\/api.w.org\/{rel}","templated":true}]}}