{"id":61,"date":"2016-06-04T16:08:28","date_gmt":"2016-06-04T19:08:28","guid":{"rendered":"https:\/\/observaindigena.unb.br\/?page_id=61"},"modified":"2016-06-05T18:17:41","modified_gmt":"2016-06-05T21:17:41","slug":"conferencias-de-saude","status":"publish","type":"page","link":"https:\/\/observaindigena.unb.br\/?page_id=61","title":{"rendered":"HIST\u00d3RICO DAS CONFER\u00caNCIAS NACIONAIS"},"content":{"rendered":"<p><b>TRAJET\u00d3RIA DAS CONFER\u00caNCIAS NACIONAIS DE SA\u00daDE IND\u00cdGENA <\/b><\/p>\n<p style=\"text-align: justify;\">A 1\u00aa Confer\u00eancia Nacional de Prote\u00e7\u00e3o \u00e0 Sa\u00fade do \u00cdndio, realizada em Bras\u00edlia, em 1986, foi um desdobramento da 8\u00aa Confer\u00eancia Nacional de Sa\u00fade. Foi nessa Confer\u00eancia que ocorreram as primeiras discuss\u00f5es em torno do modelo de aten\u00e7\u00e3o \u00e0 sa\u00fade do \u00edndio, com a participa\u00e7\u00e3o de representantes de v\u00e1rias na\u00e7\u00f5es ind\u00edgenas, \u00f3rg\u00e3os p\u00fablicos e organiza\u00e7\u00f5es da sociedade civil que atuavam em apoio \u00e0 causa ind\u00edgena.<\/p>\n<p style=\"text-align: justify;\">A 2\u00aa Confer\u00eancia Nacional de Sa\u00fade para os Povos Ind\u00edgenas, parte integrante da IX Confer\u00eancia Nacional de Sa\u00fade, ocorreu em Luzi\u00e2nia\/GO, 1993, contou com a participa\u00e7\u00e3o de 200 delegados, ind\u00edgenas e n\u00e3o ind\u00edgenas. Teve como tema a defini\u00e7\u00e3o das diretrizes da Pol\u00edtica Nacional de Sa\u00fade para os Povos Ind\u00edgenas. os debates refletiram pontos que resultariam posteriormente na aprova\u00e7\u00e3o da Lei Arouca (9.836\/99), que instituiu o Subsistema de Sa\u00fade Ind\u00edgena (SasiSUS), como a cria\u00e7\u00e3o dos Distritos Sanit\u00e1rios Especiais Ind\u00edgenas (DSEIs).<\/p>\n<p style=\"text-align: justify;\">A 3\u00aa Confer\u00eancia Nacional de Sa\u00fade Ind\u00edgena (3\u00aa CNSI), realizada em Luzi\u00e2nia\/GO, 14 a 18 de maio de 2001. Teve como tema \u201cEfetivando o SUS: Acesso, Qualidade e Humaniza\u00e7\u00e3o na Aten\u00e7\u00e3o \u00e0 Sa\u00fade Ind\u00edgena, com controle social\u201d. Foi convocada pela Resolu\u00e7\u00e3o n\u00ba 305 e teve como finalidade analisar os obst\u00e1culos e os avan\u00e7os do Sistema \u00danico de Sa\u00fade na implanta\u00e7\u00e3o dos Distritos Sanit\u00e1rios Especiais Ind\u00edgenas e propor diretrizes para a sua efetiva\u00e7\u00e3o (BRASIL, 2015).<\/p>\n<p style=\"text-align: justify;\">A 4\u00aa CNSI, realizada em Rio Quente\/GO, em 2006, teve como tema central orientar discuss\u00f5es em todas as etapas regionais &#8211; \u201cDistrito Sanit\u00e1rio Especial Ind\u00edgena (DSEI): territ\u00f3rio de produ\u00e7\u00e3o de sa\u00fade, prote\u00e7\u00e3o da vida e valoriza\u00e7\u00e3o das tradi\u00e7\u00f5es\u201d. Participaram da 4\u00aa Confer\u00eancia 1.228 pessoas entre usu\u00e1rios, trabalhadores ind\u00edgenas e n\u00e3o ind\u00edgenas, gestores e prestadores de servi\u00e7o. avaliou o Subsistema de Sa\u00fade Ind\u00edgena no \u00e2mbito do SUS e tamb\u00e9m a situa\u00e7\u00e3o de sa\u00fade nos DSEIs, inclusive propondo como diretriz a autonomia dos Distritos; al\u00e9m de discutir e propor a\u00e7\u00f5es para promover a sa\u00fade dos povos ind\u00edgenas, com respeito \u00e0s a\u00e7\u00f5es de integra\u00e7\u00e3o da medicina tradicional e a efetividade do controle social.<\/p>\n<p style=\"text-align: justify;\">A 5\u00aa CNSI, ocorreu em Bras\u00edlia, no ano de 2013, sob a gest\u00e3o da Secretaria Especial da Sa\u00fade Ind\u00edgena do Minist\u00e9rio da Sa\u00fade. Essa confer\u00eancia de destacou por reunir 1.226 delegados nacionais (entre usu\u00e1rios, trabalhadores ind\u00edgenas e n\u00e3o ind\u00edgenas, gestores e prestadores de servico), representando 305 povos ind\u00edgenas do Brasil. Foi precedida por 306 Confer\u00eancias Locais, e 34 Distritais envolvendo mais de 23 mil participantes. \u00c0 luz do tema \u201cSubsistema de Aten\u00e7\u00e3o \u00e0 Sa\u00fade Ind\u00edgena e SUS: Direito, Acesso, Diversidade e Aten\u00e7\u00e3o Diferenciada\u201d, homens e mulheres dos diferentes segmentos do controle social da sa\u00fade ind\u00edgena dedicaram-se a dialogar no entorno dos Avan\u00e7os e Desafios para: Aten\u00e7\u00e3o B\u00e1sica; Aten\u00e7\u00e3o de M\u00e9dia e Alta Complexidade; Recursos Humanos; Financiamento; Gest\u00e3o do Subsistema de Aten\u00e7\u00e3o \u00e0 Sa\u00fade Ind\u00edgena; Controle Social e a Gest\u00e3o Participativa no Subsistema de Aten\u00e7\u00e3o \u00e0 Sa\u00fade Ind\u00edgena; Etnodesenvolvimento e a Seguran\u00e7a Alimentar e Nutricional para os Povos Ind\u00edgena e Saneamento e Edifica\u00e7\u00f5es de Sa\u00fade.<\/p>\n<p style=\"text-align: justify;\">\n<iframe src=\"\/\/docs.google.com\/viewer?url=https%3A%2F%2Fobservaindigena.unb.br%2Fwp-content%2Fuploads%2F2016%2F06%2FHITORICO_DAS_CINCO_CNSI.pdf&hl=pt_BR&embedded=true\" class=\"gde-frame\" style=\"width:100%; height:500px; border: none;\" scrolling=\"no\"><\/iframe>\n<p class=\"gde-text\"><a href=\"https:\/\/observaindigena.unb.br\/wp-content\/uploads\/2016\/06\/HITORICO_DAS_CINCO_CNSI.pdf\" class=\"gde-link\">Download (PDF, 707KB)<\/a><\/p>\n","protected":false},"excerpt":{"rendered":"<p>TRAJET\u00d3RIA DAS CONFER\u00caNCIAS NACIONAIS DE SA\u00daDE IND\u00cdGENA A 1\u00aa Confer\u00eancia Nacional de Prote\u00e7\u00e3o \u00e0 Sa\u00fade do \u00cdndio, realizada em Bras\u00edlia, em 1986, foi um desdobramento da 8\u00aa Confer\u00eancia Nacional de Sa\u00fade. Foi nessa Confer\u00eancia que ocorreram as primeiras discuss\u00f5es em&#8230;<\/p>\n","protected":false},"author":1,"featured_media":0,"parent":59,"menu_order":0,"comment_status":"closed","ping_status":"closed","template":"templates\/fullwidth.php","meta":[],"_links":{"self":[{"href":"https:\/\/observaindigena.unb.br\/index.php?rest_route=\/wp\/v2\/pages\/61"}],"collection":[{"href":"https:\/\/observaindigena.unb.br\/index.php?rest_route=\/wp\/v2\/pages"}],"about":[{"href":"https:\/\/observaindigena.unb.br\/index.php?rest_route=\/wp\/v2\/types\/page"}],"author":[{"embeddable":true,"href":"https:\/\/observaindigena.unb.br\/index.php?rest_route=\/wp\/v2\/users\/1"}],"replies":[{"embeddable":true,"href":"https:\/\/observaindigena.unb.br\/index.php?rest_route=%2Fwp%2Fv2%2Fcomments&post=61"}],"version-history":[{"count":17,"href":"https:\/\/observaindigena.unb.br\/index.php?rest_route=\/wp\/v2\/pages\/61\/revisions"}],"predecessor-version":[{"id":310,"href":"https:\/\/observaindigena.unb.br\/index.php?rest_route=\/wp\/v2\/pages\/61\/revisions\/310"}],"up":[{"embeddable":true,"href":"https:\/\/observaindigena.unb.br\/index.php?rest_route=\/wp\/v2\/pages\/59"}],"wp:attachment":[{"href":"https:\/\/observaindigena.unb.br\/index.php?rest_route=%2Fwp%2Fv2%2Fmedia&parent=61"}],"curies":[{"name":"wp","href":"https:\/\/api.w.org\/{rel}","templated":true}]}}