{"id":2,"date":"2016-06-04T14:38:06","date_gmt":"2016-06-04T17:38:06","guid":{"rendered":"https:\/\/observaindigena.unb.br\/?page_id=2"},"modified":"2016-06-04T15:43:20","modified_gmt":"2016-06-04T18:43:20","slug":"pagina-exemplo","status":"publish","type":"page","link":"https:\/\/observaindigena.unb.br\/","title":{"rendered":"OBSERVAT\u00d3RIO DA SA\u00daDE IND\u00cdGENA"},"content":{"rendered":"","protected":false},"excerpt":{"rendered":"","protected":false},"author":1,"featured_media":0,"parent":0,"menu_order":0,"comment_status":"closed","ping_status":"open","template":"templates\/homepage.php","meta":[],"_links":{"self":[{"href":"https:\/\/observaindigena.unb.br\/index.php?rest_route=\/wp\/v2\/pages\/2"}],"collection":[{"href":"https:\/\/observaindigena.unb.br\/index.php?rest_route=\/wp\/v2\/pages"}],"about":[{"href":"https:\/\/observaindigena.unb.br\/index.php?rest_route=\/wp\/v2\/types\/page"}],"author":[{"embeddable":true,"href":"https:\/\/observaindigena.unb.br\/index.php?rest_route=\/wp\/v2\/users\/1"}],"replies":[{"embeddable":true,"href":"https:\/\/observaindigena.unb.br\/index.php?rest_route=%2Fwp%2Fv2%2Fcomments&post=2"}],"version-history":[{"count":1,"href":"https:\/\/observaindigena.unb.br\/index.php?rest_route=\/wp\/v2\/pages\/2\/revisions"}],"predecessor-version":[{"id":6,"href":"https:\/\/observaindigena.unb.br\/index.php?rest_route=\/wp\/v2\/pages\/2\/revisions\/6"}],"wp:attachment":[{"href":"https:\/\/observaindigena.unb.br\/index.php?rest_route=%2Fwp%2Fv2%2Fmedia&parent=2"}],"curies":[{"name":"wp","href":"https:\/\/api.w.org\/{rel}","templated":true}]}}